{"id":139,"date":"2021-10-17T09:09:03","date_gmt":"2021-10-17T09:09:03","guid":{"rendered":"http:\/\/www.c-on-off.com\/?page_id=139"},"modified":"2025-08-18T12:24:22","modified_gmt":"2025-08-18T12:24:22","slug":"mobil-hizmet","status":"publish","type":"page","link":"https:\/\/www.c-on-off.com\/?page_id=139","title":{"rendered":"Mobil Hizmet"},"content":{"rendered":"\n<p><\/p>\n\n\n\n<h2 class=\"wp-block-heading has-text-align-center has-white-color has-vivid-red-background-color has-text-color has-background has-link-color has-medium-font-size wp-elements-b90df6c413c1db18406ba6cde75afeb7\"><a href=\"https:\/\/t-nev.com\/teknik-destek-hizmet-grup-yonetici-kayit-formu\/\">Bulundu\u011funuz Yerde Mobil Hizmet Vermeniz \u0130\u00e7in <a href=\"https:\/\/t-nev.com\/hesabim\/\"><\/a>Formu Doldur, Teknik Destek Hizmet Grup Y\u00f6neticisi Ol, Sende  Kazan&#8230; T\u0131kla Formu Doldur<\/a><\/h2>\n\n\n<div class=\"wp-block-image\">\n<figure class=\"aligncenter size-full is-resized\"><img loading=\"lazy\" decoding=\"async\" width=\"626\" height=\"417\" src=\"http:\/\/www.c-on-off.com\/wp-content\/uploads\/2021\/10\/mobil-uyumlu-site-nedir-nasil-olmalidir.jpg\" alt=\"\" class=\"wp-image-145\" style=\"width:450px;height:300px\" srcset=\"https:\/\/www.c-on-off.com\/wp-content\/uploads\/2021\/10\/mobil-uyumlu-site-nedir-nasil-olmalidir.jpg 626w, https:\/\/www.c-on-off.com\/wp-content\/uploads\/2021\/10\/mobil-uyumlu-site-nedir-nasil-olmalidir-300x200.jpg 300w\" sizes=\"auto, (max-width: 626px) 100vw, 626px\" \/><\/figure>\n<\/div>\n\n\n<p><\/p>\n\n\n\n<p><\/p>\n\n\n<div class=\"wp-block-image\">\n<figure class=\"aligncenter size-large is-resized\"><img loading=\"lazy\" decoding=\"async\" width=\"1024\" height=\"584\" src=\"http:\/\/www.c-on-off.com\/wp-content\/uploads\/2022\/10\/WhatsApp-Image-2022-09-12-at-12.58.35-1024x584.jpeg\" alt=\"\" class=\"wp-image-221\" style=\"width:378px;height:210px\" srcset=\"https:\/\/www.c-on-off.com\/wp-content\/uploads\/2022\/10\/WhatsApp-Image-2022-09-12-at-12.58.35-1024x584.jpeg 1024w, https:\/\/www.c-on-off.com\/wp-content\/uploads\/2022\/10\/WhatsApp-Image-2022-09-12-at-12.58.35-300x171.jpeg 300w, https:\/\/www.c-on-off.com\/wp-content\/uploads\/2022\/10\/WhatsApp-Image-2022-09-12-at-12.58.35-768x438.jpeg 768w, https:\/\/www.c-on-off.com\/wp-content\/uploads\/2022\/10\/WhatsApp-Image-2022-09-12-at-12.58.35-1536x876.jpeg 1536w, https:\/\/www.c-on-off.com\/wp-content\/uploads\/2022\/10\/WhatsApp-Image-2022-09-12-at-12.58.35.jpeg 1600w\" sizes=\"auto, (max-width: 1024px) 100vw, 1024px\" \/><\/figure>\n<\/div>\n\n\n<p><\/p>\n\n\n\n<p><\/p>\n\n\n<div class=\"wp-block-image\">\n<figure class=\"aligncenter size-full is-resized\"><img loading=\"lazy\" decoding=\"async\" width=\"760\" height=\"454\" src=\"http:\/\/www.c-on-off.com\/wp-content\/uploads\/2021\/10\/MOBIL-OTO-EKSPERTIZ-NEDIR.png\" alt=\"\" class=\"wp-image-144\" style=\"width:511px;height:305px\" srcset=\"https:\/\/www.c-on-off.com\/wp-content\/uploads\/2021\/10\/MOBIL-OTO-EKSPERTIZ-NEDIR.png 760w, https:\/\/www.c-on-off.com\/wp-content\/uploads\/2021\/10\/MOBIL-OTO-EKSPERTIZ-NEDIR-300x179.png 300w\" sizes=\"auto, (max-width: 760px) 100vw, 760px\" \/><\/figure>\n<\/div>\n\n\n<p><\/p>\n\n\n\n<p><\/p>\n\n\n\n<figure class=\"wp-block-image size-full\"><img loading=\"lazy\" decoding=\"async\" width=\"1024\" height=\"1024\" src=\"http:\/\/www.c-on-off.com\/wp-content\/uploads\/2025\/07\/cropped-0d9aeb7f-2c3e-43db-9d5b-71e201ea7da5-1.jpg\" alt=\"\" class=\"wp-image-454\" srcset=\"https:\/\/www.c-on-off.com\/wp-content\/uploads\/2025\/07\/cropped-0d9aeb7f-2c3e-43db-9d5b-71e201ea7da5-1.jpg 1024w, https:\/\/www.c-on-off.com\/wp-content\/uploads\/2025\/07\/cropped-0d9aeb7f-2c3e-43db-9d5b-71e201ea7da5-1-300x300.jpg 300w, https:\/\/www.c-on-off.com\/wp-content\/uploads\/2025\/07\/cropped-0d9aeb7f-2c3e-43db-9d5b-71e201ea7da5-1-150x150.jpg 150w, https:\/\/www.c-on-off.com\/wp-content\/uploads\/2025\/07\/cropped-0d9aeb7f-2c3e-43db-9d5b-71e201ea7da5-1-768x768.jpg 768w, https:\/\/www.c-on-off.com\/wp-content\/uploads\/2025\/07\/cropped-0d9aeb7f-2c3e-43db-9d5b-71e201ea7da5-1-75x75.jpg 75w\" sizes=\"auto, (max-width: 1024px) 100vw, 1024px\" \/><\/figure>\n\n\n\n<p><\/p>\n\n\n<div class=\"wp-block-image\">\n<figure class=\"aligncenter size-large\"><img loading=\"lazy\" decoding=\"async\" width=\"836\" height=\"1024\" src=\"http:\/\/www.c-on-off.com\/wp-content\/uploads\/2021\/10\/d8b80403-3f8d-4abc-ac75-dbc01662189e-1-836x1024.jpg\" alt=\"\" class=\"wp-image-472\" srcset=\"https:\/\/www.c-on-off.com\/wp-content\/uploads\/2021\/10\/d8b80403-3f8d-4abc-ac75-dbc01662189e-1-836x1024.jpg 836w, https:\/\/www.c-on-off.com\/wp-content\/uploads\/2021\/10\/d8b80403-3f8d-4abc-ac75-dbc01662189e-1-245x300.jpg 245w, https:\/\/www.c-on-off.com\/wp-content\/uploads\/2021\/10\/d8b80403-3f8d-4abc-ac75-dbc01662189e-1-768x941.jpg 768w, https:\/\/www.c-on-off.com\/wp-content\/uploads\/2021\/10\/d8b80403-3f8d-4abc-ac75-dbc01662189e-1.jpg 1024w\" sizes=\"auto, (max-width: 836px) 100vw, 836px\" \/><\/figure>\n<\/div>\n\n\n<p><\/p>\n\n\n\n<p><\/p>\n\n\n\n<p class=\"has-text-align-center has-white-color has-vivid-red-background-color has-text-color has-background has-medium-font-size\"><a href=\"https:\/\/t-nev.com\/teknik-destek-hizmet-grup-yonetici-kayit-formu\/\"><strong>Bulundu\u011funuz Yerde Mobil Hizmet Vermeniz \u0130\u00e7in Formu Doldur, Teknik Destek Hizmet Grup Y\u00f6neticisi Ol, Sende  Kazan&#8230; T\u0131kla Formu Doldur<\/strong><\/a><\/p>\n\n\n\n<p><strong>Kontrol Art\u0131k Sende\u2026<\/strong><\/p>\n\n\n\n<h2 class=\"wp-block-heading\">\u201cControl-On-Off \u201d Uzaktan Kumanda Anahtarl\u0131k\u2026<\/h2>\n\n\n\n<p>Ara\u00e7larda oto kap\u0131lar\u0131n\u0131n a\u00e7ma, kapama uzaktan kumandalar\u0131 b\u00fcy\u00fck kolayl\u0131k\u2026 Ancak istenmeden ba\u015fkalar\u0131n\u0131n eline ge\u00e7mesi halinde ara\u00e7lar ve i\u00e7indeki de\u011ferli e\u015fyalar, cihazlar kolayl\u0131kla \u00e7al\u0131nabilmektedir\u2026&nbsp;Ve en \u00f6nemli olanlar\u0131ndan biri de aile fertlerinin s\u00fcr\u00fcc\u00fc belgesi olmadan izinsiz ald\u0131klar\u0131 ve kulland\u0131klar\u0131 ara\u00e7lar ile ya\u015fananlar\u0131n sonu\u00e7lar\u0131 ve bedelleri \u00e7ok a\u011f\u0131r olmaktad\u0131r. Bunu \u00f6nleyebilmek i\u00e7in uzaktan kumanda cihazlar\u0131 ki\u015fiye \u00f6zel olacak \u015fekilde yap\u0131lmal\u0131\u2026 Ki\u015fi istemedi\u011fi s\u00fcrece uzaktan kumanda \u00e7al\u0131\u015fmamal\u0131\u2026<\/p>\n\n\n\n<p>\u0130\u015fte tam da burada kumanda cihaz\u0131na parmak izi, retina tarama ve manuel tu\u015f kilidi sistemleri tak\u0131larak cihazlar ki\u015fiye \u00f6zel hale getirilmeli dedik Ve Patentli&nbsp;<strong>\u201cControl-On-Off\u201d&nbsp;<\/strong>parmak izli uzaktan kumanda ile size \u00f6zel bir uzaktan kumanda haz\u0131rlad\u0131k\u2026 \u0130sterseniz retina taramal\u0131, isterseniz manuel tu\u015f kilitli\u2026 \u0130stedi\u011finiz an, k\u0131sa s\u00fcrede uzaktan kumandan\u0131z haz\u0131r hale getiriyoruz\u2026 Art\u0131k arac\u0131n\u0131z uzaktan kumanda \u00e7al\u0131narak h\u0131rs\u0131zl\u0131klara kar\u015f\u0131 g\u00fcvenli hale geliyor\u2026<\/p>\n\n\n\n<p class=\"has-white-color has-vivid-red-background-color has-text-color has-background has-link-color wp-elements-1163c937836ff5f8d9ed1008df9aa6d3\"><strong>L\u00dcTFEN D\u0130KKAT; Control-On-Off tavsiyesi;\u00a0Size \u00d6zel tasar\u0131ml\u0131 uzaktan kumandalar\u0131m\u0131z ve anahtarl\u0131klar \u00fczerinde ara\u00e7 markas\u0131 yaz\u0131lmamal\u0131\u2026 Unutulmamal\u0131 ki markal\u0131 anahtarl\u0131klar\u0131n ara\u00e7lar\u0131n oto park edildi\u011fi yerde \u00e7ok kolayca bulunmas\u0131nda b\u00fcy\u00fck rol oynamaktad\u0131r\u2026<\/strong><\/p>\n\n\n\n<p>Binek oto, hafif ticari ara\u00e7, panelvan, kamyonet minib\u00fcs ve Otob\u00fcs s\u0131n\u0131f\u0131 ara\u00e7larda kullan\u0131ma uygun olacakt\u0131r. T\u00fcm marka ve model ara\u00e7larda kullan\u0131lacak \u015fekilde tasarlanm\u0131\u015f ve \u00fcretilmektedir\u2026&nbsp;<\/p>\n\n\n\n<p>Motorlu ta\u015f\u0131t\u0131n uzaktan kumandas\u0131n\u0131n radyo frekans\u0131 sistemleri, 3B taray\u0131c\u0131 sistemler gibi farkl\u0131 sistemler kullan\u0131larak kullan\u0131c\u0131n\u0131n r\u0131zas\u0131 d\u0131\u015f\u0131nda \u00e7o\u011falt\u0131lmas\u0131n\u0131 engelleyen bir uzaktan kumanda yap\u0131lanmas\u0131n\u0131 geli\u015ftiriyoruz\u2026<\/p>\n\n\n\n<p>Ara\u00e7 Uzaktan Kumandalar\u0131nda bulunan sustal\u0131 veya d\u00fcz kontak ve kap\u0131 anahtarlar\u0131n\u0131n mekanik olarak \u00e7al\u0131\u015fmas\u0131n\u0131 engelliyoruz.<\/p>\n\n\n\n<p>Parmak izi s\u00fcre zamanl\u0131d\u0131r\u2026 10 sn i\u00e7inde e\u011fer arac\u0131n\u0131z a\u00e7\u0131lmaz ise cihaz tekrar pasif duruma ge\u00e7mektedir\u2026 Buda h\u0131rs\u0131zl\u0131k halinde cihaz sahibinin istemeden parmak izinin al\u0131nmas\u0131 imkans\u0131z hale gelmektedir\u2026<\/p>\n","protected":false},"excerpt":{"rendered":"<p>Bulundu\u011funuz Yerde Mobil Hizmet Vermeniz \u0130\u00e7in Formu Doldur, Teknik Destek Hizmet Grup Y\u00f6neticisi Ol, Sende Kazan&#8230; T\u0131kla Formu Doldur Bulundu\u011funuz Yerde Mobil Hizmet Vermeniz \u0130\u00e7in Formu Doldur, Teknik Destek Hizmet Grup Y\u00f6neticisi Ol, Sende Kazan&#8230; T\u0131kla Formu Doldur Kontrol Art\u0131k Sende\u2026 \u201cControl-On-Off \u201d Uzaktan Kumanda Anahtarl\u0131k\u2026 Ara\u00e7larda oto kap\u0131lar\u0131n\u0131n a\u00e7ma, kapama uzaktan kumandalar\u0131 b\u00fcy\u00fck kolayl\u0131k\u2026 Ancak istenmeden ba\u015fkalar\u0131n\u0131n eline ge\u00e7mesi halinde ara\u00e7lar ve i\u00e7indeki de\u011ferli e\u015fyalar, cihazlar kolayl\u0131kla \u00e7al\u0131nabilmektedir\u2026&nbsp;Ve en \u00f6nemli olanlar\u0131ndan biri de aile fertlerinin s\u00fcr\u00fcc\u00fc belgesi olmadan izinsiz ald\u0131klar\u0131 ve kulland\u0131klar\u0131 ara\u00e7lar ile ya\u015fananlar\u0131n sonu\u00e7lar\u0131 ve bedelleri \u00e7ok a\u011f\u0131r olmaktad\u0131r. Bunu \u00f6nleyebilmek i\u00e7in uzaktan kumanda cihazlar\u0131 ki\u015fiye \u00f6zel olacak \u015fekilde yap\u0131lmal\u0131\u2026 Ki\u015fi istemedi\u011fi s\u00fcrece uzaktan kumanda \u00e7al\u0131\u015fmamal\u0131\u2026 \u0130\u015fte tam da burada kumanda cihaz\u0131na parmak izi, retina tarama ve manuel tu\u015f kilidi sistemleri tak\u0131larak cihazlar ki\u015fiye \u00f6zel hale getirilmeli dedik Ve Patentli&nbsp;\u201cControl-On-Off\u201d&nbsp;parmak izli uzaktan kumanda ile size \u00f6zel bir uzaktan kumanda haz\u0131rlad\u0131k\u2026 \u0130sterseniz retina taramal\u0131, isterseniz manuel tu\u015f kilitli\u2026 \u0130stedi\u011finiz an, k\u0131sa s\u00fcrede uzaktan kumandan\u0131z haz\u0131r hale getiriyoruz\u2026 Art\u0131k arac\u0131n\u0131z uzaktan kumanda \u00e7al\u0131narak h\u0131rs\u0131zl\u0131klara kar\u015f\u0131 g\u00fcvenli hale geliyor\u2026 L\u00dcTFEN D\u0130KKAT; Control-On-Off tavsiyesi;\u00a0Size \u00d6zel tasar\u0131ml\u0131 uzaktan kumandalar\u0131m\u0131z ve anahtarl\u0131klar \u00fczerinde ara\u00e7 markas\u0131 yaz\u0131lmamal\u0131\u2026 Unutulmamal\u0131 ki markal\u0131 anahtarl\u0131klar\u0131n ara\u00e7lar\u0131n oto park edildi\u011fi yerde \u00e7ok kolayca bulunmas\u0131nda b\u00fcy\u00fck rol oynamaktad\u0131r\u2026 Binek oto, hafif ticari ara\u00e7, panelvan, kamyonet minib\u00fcs ve Otob\u00fcs s\u0131n\u0131f\u0131 ara\u00e7larda kullan\u0131ma uygun olacakt\u0131r. T\u00fcm marka ve model ara\u00e7larda kullan\u0131lacak \u015fekilde tasarlanm\u0131\u015f ve \u00fcretilmektedir\u2026&nbsp; Motorlu ta\u015f\u0131t\u0131n uzaktan kumandas\u0131n\u0131n radyo frekans\u0131 sistemleri, 3B taray\u0131c\u0131 sistemler gibi farkl\u0131 sistemler kullan\u0131larak kullan\u0131c\u0131n\u0131n r\u0131zas\u0131 d\u0131\u015f\u0131nda \u00e7o\u011falt\u0131lmas\u0131n\u0131 engelleyen bir uzaktan kumanda yap\u0131lanmas\u0131n\u0131 geli\u015ftiriyoruz\u2026 Ara\u00e7 Uzaktan Kumandalar\u0131nda bulunan sustal\u0131 veya d\u00fcz kontak ve kap\u0131 anahtarlar\u0131n\u0131n mekanik olarak \u00e7al\u0131\u015fmas\u0131n\u0131 engelliyoruz. Parmak izi s\u00fcre zamanl\u0131d\u0131r\u2026 10 sn i\u00e7inde e\u011fer arac\u0131n\u0131z a\u00e7\u0131lmaz ise cihaz tekrar pasif duruma ge\u00e7mektedir\u2026 Buda h\u0131rs\u0131zl\u0131k halinde cihaz sahibinin istemeden parmak izinin al\u0131nmas\u0131 imkans\u0131z hale gelmektedir\u2026<\/p>\n","protected":false},"author":1,"featured_media":0,"parent":0,"menu_order":0,"comment_status":"closed","ping_status":"closed","template":"","meta":{"footnotes":""},"class_list":["post-139","page","type-page","status-publish","hentry"],"_links":{"self":[{"href":"https:\/\/www.c-on-off.com\/index.php?rest_route=\/wp\/v2\/pages\/139","targetHints":{"allow":["GET"]}}],"collection":[{"href":"https:\/\/www.c-on-off.com\/index.php?rest_route=\/wp\/v2\/pages"}],"about":[{"href":"https:\/\/www.c-on-off.com\/index.php?rest_route=\/wp\/v2\/types\/page"}],"author":[{"embeddable":true,"href":"https:\/\/www.c-on-off.com\/index.php?rest_route=\/wp\/v2\/users\/1"}],"replies":[{"embeddable":true,"href":"https:\/\/www.c-on-off.com\/index.php?rest_route=%2Fwp%2Fv2%2Fcomments&post=139"}],"version-history":[{"count":19,"href":"https:\/\/www.c-on-off.com\/index.php?rest_route=\/wp\/v2\/pages\/139\/revisions"}],"predecessor-version":[{"id":696,"href":"https:\/\/www.c-on-off.com\/index.php?rest_route=\/wp\/v2\/pages\/139\/revisions\/696"}],"wp:attachment":[{"href":"https:\/\/www.c-on-off.com\/index.php?rest_route=%2Fwp%2Fv2%2Fmedia&parent=139"}],"curies":[{"name":"wp","href":"https:\/\/api.w.org\/{rel}","templated":true}]}}