{"id":27,"date":"2021-10-15T18:31:51","date_gmt":"2021-10-15T18:31:51","guid":{"rendered":"http:\/\/www.c-on-off.com\/?page_id=27"},"modified":"2025-08-03T13:22:39","modified_gmt":"2025-08-03T13:22:39","slug":"hakkimizda","status":"publish","type":"page","link":"https:\/\/www.c-on-off.com\/?page_id=27","title":{"rendered":"Hakk\u0131m\u0131zda"},"content":{"rendered":"<div class=\"wp-block-image\">\n<figure class=\"aligncenter size-full is-resized\"><img loading=\"lazy\" decoding=\"async\" width=\"1024\" height=\"576\" src=\"http:\/\/www.c-on-off.com\/wp-content\/uploads\/2021\/10\/01-1-1024x576-1.jpg\" alt=\"\" class=\"wp-image-65\" style=\"width:559px;height:313px\" srcset=\"https:\/\/www.c-on-off.com\/wp-content\/uploads\/2021\/10\/01-1-1024x576-1.jpg 1024w, https:\/\/www.c-on-off.com\/wp-content\/uploads\/2021\/10\/01-1-1024x576-1-300x169.jpg 300w, https:\/\/www.c-on-off.com\/wp-content\/uploads\/2021\/10\/01-1-1024x576-1-768x432.jpg 768w\" sizes=\"auto, (max-width: 1024px) 100vw, 1024px\" \/><\/figure>\n<\/div>\n\n\n<p><\/p>\n\n\n<div class=\"wp-block-image\">\n<figure class=\"aligncenter size-full is-resized\"><img loading=\"lazy\" decoding=\"async\" width=\"1024\" height=\"1024\" src=\"http:\/\/www.c-on-off.com\/wp-content\/uploads\/2021\/10\/33333333333333.png\" alt=\"\" class=\"wp-image-442\" style=\"width:576px;height:auto\" srcset=\"https:\/\/www.c-on-off.com\/wp-content\/uploads\/2021\/10\/33333333333333.png 1024w, https:\/\/www.c-on-off.com\/wp-content\/uploads\/2021\/10\/33333333333333-300x300.png 300w, https:\/\/www.c-on-off.com\/wp-content\/uploads\/2021\/10\/33333333333333-150x150.png 150w, https:\/\/www.c-on-off.com\/wp-content\/uploads\/2021\/10\/33333333333333-768x768.png 768w, https:\/\/www.c-on-off.com\/wp-content\/uploads\/2021\/10\/33333333333333-75x75.png 75w\" sizes=\"auto, (max-width: 1024px) 100vw, 1024px\" \/><\/figure>\n<\/div>\n\n\n<p><\/p>\n\n\n<div class=\"wp-block-image\">\n<figure class=\"aligncenter size-full is-resized\"><img loading=\"lazy\" decoding=\"async\" width=\"1024\" height=\"1024\" src=\"https:\/\/www.c-on-off.com\/wp-content\/uploads\/2025\/07\/0d9aeb7f-2c3e-43db-9d5b-71e201ea7da5.jpg\" alt=\"\" class=\"wp-image-391\" style=\"width:575px;height:431px\" srcset=\"https:\/\/www.c-on-off.com\/wp-content\/uploads\/2025\/07\/0d9aeb7f-2c3e-43db-9d5b-71e201ea7da5.jpg 1024w, https:\/\/www.c-on-off.com\/wp-content\/uploads\/2025\/07\/0d9aeb7f-2c3e-43db-9d5b-71e201ea7da5-300x300.jpg 300w, https:\/\/www.c-on-off.com\/wp-content\/uploads\/2025\/07\/0d9aeb7f-2c3e-43db-9d5b-71e201ea7da5-150x150.jpg 150w, https:\/\/www.c-on-off.com\/wp-content\/uploads\/2025\/07\/0d9aeb7f-2c3e-43db-9d5b-71e201ea7da5-768x768.jpg 768w, https:\/\/www.c-on-off.com\/wp-content\/uploads\/2025\/07\/0d9aeb7f-2c3e-43db-9d5b-71e201ea7da5-75x75.jpg 75w\" sizes=\"auto, (max-width: 1024px) 100vw, 1024px\" \/><\/figure>\n<\/div>\n\n\n<p><\/p>\n\n\n\n<h2 class=\"wp-block-heading has-text-align-center has-white-color has-vivid-red-background-color has-text-color has-background has-link-color wp-elements-c9000e6510e404b615299d010f759e7f\">Yeni Nesil Ya\u015fam Anlay\u0131\u015f\u0131\u2026<\/h2>\n\n\n\n<h2 class=\"wp-block-heading has-text-align-center has-white-color has-vivid-red-background-color has-text-color has-background has-link-color wp-elements-12a5f2e2801aabd92a3577d3ed484d23\"><strong>Control-On-Off \u0130le Ya\u015fam Ba\u015fl\u0131yor&#8230;<\/strong><\/h2>\n\n\n\n<p class=\"has-text-align-left\">Uzun y\u0131llar sekt\u00f6rde \u00e7e\u015fitli departmanlarda g\u00f6rev alm\u0131\u015f profesyoneller, engelli dostlar\u0131m\u0131z ve profesyonel olmaya inanm\u0131\u015f arkada\u015flar\u0131m\u0131zla, sahip oldu\u011fumuz bilgi, birikim ve imkanlar\u0131m\u0131z\u0131 daha geni\u015f kitlelere yaymak faydal\u0131 olabilmek i\u00e7in kullanmam\u0131z\u0131n yararl\u0131 olaca\u011f\u0131n\u0131 biliyoruz ve buraday\u0131z\u2026 Sizlerleyiz\u2026 \u00c7ok keyifli\u2026<\/p>\n\n\n\n<p class=\"has-text-align-left\">Hepimizin vazge\u00e7ilmez hayalleri ve hedefleri vard\u0131r. Baz\u0131lar\u0131m\u0131z her yapt\u0131\u011f\u0131 i\u015fte ba\u015far\u0131l\u0131 olmak i\u00e7in u\u011fra\u015f\u0131r, baz\u0131lar\u0131m\u0131z yaln\u0131zca mutlu olmak ister. Hayallerinize, potansiyelinize, ba\u015far\u0131ya ve mutlulu\u011fa ula\u015fabilmeniz i\u00e7in yorulmadan sizin ad\u0131n\u0131za ya\u015fam\u0131n\u0131z i\u00e7inde ne var olmas\u0131n\u0131 istiyorsan\u0131z en iyisini ula\u015ft\u0131rmak i\u00e7in \u00e7al\u0131\u015f\u0131yoruz, \u00e7al\u0131\u015faca\u011f\u0131z\u2026 \u00c7ok uzun bir yolumuz var\u2026<\/p>\n\n\n\n<p class=\"has-text-align-left\">Her yapt\u0131\u011f\u0131m\u0131z \u00e7al\u0131\u015fmalarla, T\u00fcrkiye\u2019de \u00e7e\u015fitli sekt\u00f6rlere yeni bir vizyon katmak, ger\u00e7ekle\u015febilece\u011fine inand\u0131\u011f\u0131m\u0131z projeleri sizlere sunmak istiyoruz\u2026 \u00c7ok profesyonel bir kadro olu\u015fturduk\u2026<\/p>\n\n\n\n<p class=\"has-text-align-left\">Ayr\u0131ca gen\u00e7 yeteneklere de yer vermeye ba\u015flad\u0131k\u2026 T\u00fcm hepimiz mutlu insan felsefesi d\u00e2hilinde insanlar\u0131n ihtiya\u00e7lar\u0131n\u0131 her zaman \u00f6n planda tutarak yerel ve ulusal bazl\u0131 projeler haz\u0131rl\u0131yoruz\u2026<\/p>\n\n\n\n<p class=\"has-text-align-left\">Engelli dostlar\u0131m\u0131z ve toplumun  i\u00e7 g\u00f6r\u00fcleri neticesinde hayal etti\u011fi bizlere sundu\u011fu hayatlar\u0131m\u0131z\u0131 kolayla\u015ft\u0131r\u0131c\u0131 ve tasarruf ettirici \u00f6zellikleriyle temeli sayg\u0131 olan bir proje, hayata ge\u00e7iriyoruz\u2026<\/p>\n\n\n\n<p class=\"has-text-align-left\">Ara\u00e7larda oto kap\u0131lar\u0131n\u0131n a\u00e7ma, kapama uzaktan kumandalar\u0131 b\u00fcy\u00fck kolayl\u0131k\u2026 Ancak istenmeden ba\u015fkalar\u0131n\u0131n eline ge\u00e7mesi halinde ara\u00e7lar ve i\u00e7indeki de\u011ferli cihazlar kolayl\u0131kla \u00e7al\u0131nabilmektedir\u2026&nbsp;Bunu \u00f6nleyebilmek i\u00e7in uzaktan kumanda cihazlar\u0131 ki\u015fiye \u00f6zel olacak \u015fekilde yap\u0131lmal\u0131\u2026 Ki\u015fi istemedi\u011fi s\u00fcrece uzaktan kumanda \u00e7al\u0131\u015fmamal\u0131\u2026<\/p>\n\n\n\n<p class=\"has-text-align-left\">\u0130\u015fte tam da burada kumanda cihaz\u0131na parmak izi, retina tarama ve manuel tu\u015f kilidi sistemleri tak\u0131larak cihazlar ki\u015fiye \u00f6zel hale getirilmeli dedik Ve Patentli\u00a0<strong>\u201cControl-On-Off\u201d\u00a0<\/strong>parmak izli uzaktan kumanda ile size \u00f6zel uzaktan kumanda haz\u0131rlad\u0131k\u2026 <\/p>\n\n\n\n<p class=\"has-text-align-left\">\u0130sterseniz retina taramal\u0131, isterseniz manuel tu\u015f kilitli\u2026 \u0130stedi\u011finiz an, k\u0131sa s\u00fcrede uzaktan kumandan\u0131z haz\u0131r hale getiriyoruz\u2026 Art\u0131k arac\u0131n\u0131z uzaktan kumanda \u00e7al\u0131narak h\u0131rs\u0131zl\u0131klara kar\u015f\u0131 g\u00fcvenli hale geliyor\u2026<\/p>\n\n\n\n<p class=\"has-text-align-left\">\u0130nsana sayg\u0131 misyonu ile yola \u00e7\u0131kan bizler, t\u00fcm faaliyetlerimizi bu \u00e7er\u00e7evede ger\u00e7ekle\u015ftiriyoruz\u2026<\/p>\n\n\n\n<p class=\"has-text-align-left\">Projelendirdi\u011fimiz&nbsp;&nbsp;<strong>c-on-off.com &nbsp;<\/strong> hizmetlerimizin hi\u00e7 bir a\u015famas\u0131nda \u00f6d\u00fcn vermiyoruz\u2026 \u0130yi planlama, m\u00fckemmel uygulama ve sonu\u00e7 a\u015famalar\u0131yla her zaman ya\u015fam\u0131n i\u00e7inde ki t\u00fcm kay\u0131plar\u0131m\u0131z\u0131 kendimize k\u0131lavuz olarak belirledik\u2026<\/p>\n\n\n\n<p class=\"has-text-align-left\">\u00c7ok \u00f6zel s\u00fcrprizler ile haz\u0131rl\u0131klar\u0131m\u0131z\u0131 tamaml\u0131yoruz\u2026 Bir \u00e7o\u011funu tamamlad\u0131k\u2026 Her projemizle sizleri \u015fa\u015f\u0131rtaca\u011f\u0131z\u2026 \u0130n\u015fallah \u00e7ok \u00e7e\u015fitli konularla birlikte olaca\u011f\u0131z\u2026<\/p>\n\n\n\n<p class=\"has-text-align-left\">Yola \u00e7\u0131karken g\u00fcvenlik sekt\u00f6r\u00fcnde \u00e7e\u015fitli alanlarda verilen hizmetler ile bir\u00e7ok de\u011fere katk\u0131da bulunmaya \u00e7al\u0131\u015fan bizler, bu g\u00f6revin \u00e7ok daha b\u00fcy\u00fck sorumluluklar getirdi\u011finin bilincindeyiz.<\/p>\n\n\n\n<p class=\"has-text-align-left\">Bizim \u00f6nceli\u011fimiz, bizi takip edenlerin mutlulu\u011fu ve hayallerinin ger\u00e7ek olmas\u0131n\u0131 sa\u011flamakt\u0131r. Dertlerin, sorunlar\u0131n, problemlerin \u00e7\u00f6z\u00fcm orta\u011f\u0131 olmakla birlikte bir \u00e7ok konularda engelsiz bir ya\u015fam i\u00e7in, bireysel hak ve \u00f6zg\u00fcrl\u00fcklere sayg\u0131l\u0131, toplumsal geli\u015fimi destekleyen, g\u00fcvenilir, yenilik\u00e7i, tarafs\u0131z, dinamik bir anlay\u0131\u015fla bizimle birlikte olanlara sorumluluk g\u00fcvencesiyle, hizmet vermek istiyoruz\u2026 Hizmet veriyoruz\u2026<\/p>\n\n\n\n<p class=\"has-text-align-left\">G\u00fcvenli, mutlu ve keyifli bir ya\u015fam ya\u015famalar\u0131 i\u00e7in var g\u00fcc\u00fcm\u00fczle \u00e7al\u0131\u015f\u0131yoruz\u2026 Bunun yan\u0131 s\u0131ra, farkl\u0131 sosyal sorumluluk projeleri ile toplumsal duyarl\u0131l\u0131k yaratmak i\u00e7in, \u201cSosyal Sorumluluk Projesi\u201d olarak d\u00fc\u015f\u00fcnd\u00fc\u011f\u00fcm\u00fcz bir \u00e7ok projeyi de hayata ge\u00e7iriyoruz\u2026<\/p>\n\n\n\n<p>Sevgi dolu, Mutlu, Huzurlu, Sa\u011fl\u0131kl\u0131, Ba\u015far\u0131l\u0131 ve G\u00fcvenli bir ya\u015fam diliyoruz\u2026<\/p>\n\n\n\n<figure class=\"wp-block-image size-large is-resized\"><img loading=\"lazy\" decoding=\"async\" width=\"1024\" height=\"584\" src=\"http:\/\/www.c-on-off.com\/wp-content\/uploads\/2022\/10\/WhatsApp-Image-2022-09-12-at-12.58.35-1024x584.jpeg\" alt=\"\" class=\"wp-image-221\" style=\"width:298px;height:170px\" srcset=\"https:\/\/www.c-on-off.com\/wp-content\/uploads\/2022\/10\/WhatsApp-Image-2022-09-12-at-12.58.35-1024x584.jpeg 1024w, https:\/\/www.c-on-off.com\/wp-content\/uploads\/2022\/10\/WhatsApp-Image-2022-09-12-at-12.58.35-300x171.jpeg 300w, https:\/\/www.c-on-off.com\/wp-content\/uploads\/2022\/10\/WhatsApp-Image-2022-09-12-at-12.58.35-768x438.jpeg 768w, https:\/\/www.c-on-off.com\/wp-content\/uploads\/2022\/10\/WhatsApp-Image-2022-09-12-at-12.58.35-1536x876.jpeg 1536w, https:\/\/www.c-on-off.com\/wp-content\/uploads\/2022\/10\/WhatsApp-Image-2022-09-12-at-12.58.35.jpeg 1600w\" sizes=\"auto, (max-width: 1024px) 100vw, 1024px\" \/><\/figure>\n\n\n\n<p><\/p>\n","protected":false},"excerpt":{"rendered":"<p>Yeni Nesil Ya\u015fam Anlay\u0131\u015f\u0131\u2026 Control-On-Off \u0130le Ya\u015fam Ba\u015fl\u0131yor&#8230; Uzun y\u0131llar sekt\u00f6rde \u00e7e\u015fitli departmanlarda g\u00f6rev alm\u0131\u015f profesyoneller, engelli dostlar\u0131m\u0131z ve profesyonel olmaya inanm\u0131\u015f arkada\u015flar\u0131m\u0131zla, sahip oldu\u011fumuz bilgi, birikim ve imkanlar\u0131m\u0131z\u0131 daha geni\u015f kitlelere yaymak faydal\u0131 olabilmek i\u00e7in kullanmam\u0131z\u0131n yararl\u0131 olaca\u011f\u0131n\u0131 biliyoruz ve buraday\u0131z\u2026 Sizlerleyiz\u2026 \u00c7ok keyifli\u2026 Hepimizin vazge\u00e7ilmez hayalleri ve hedefleri vard\u0131r. Baz\u0131lar\u0131m\u0131z her yapt\u0131\u011f\u0131 i\u015fte ba\u015far\u0131l\u0131 olmak i\u00e7in u\u011fra\u015f\u0131r, baz\u0131lar\u0131m\u0131z yaln\u0131zca mutlu olmak ister. Hayallerinize, potansiyelinize, ba\u015far\u0131ya ve mutlulu\u011fa ula\u015fabilmeniz i\u00e7in yorulmadan sizin ad\u0131n\u0131za ya\u015fam\u0131n\u0131z i\u00e7inde ne var olmas\u0131n\u0131 istiyorsan\u0131z en iyisini ula\u015ft\u0131rmak i\u00e7in \u00e7al\u0131\u015f\u0131yoruz, \u00e7al\u0131\u015faca\u011f\u0131z\u2026 \u00c7ok uzun bir yolumuz var\u2026 Her yapt\u0131\u011f\u0131m\u0131z \u00e7al\u0131\u015fmalarla, T\u00fcrkiye\u2019de \u00e7e\u015fitli sekt\u00f6rlere yeni bir vizyon katmak, ger\u00e7ekle\u015febilece\u011fine inand\u0131\u011f\u0131m\u0131z projeleri sizlere sunmak istiyoruz\u2026 \u00c7ok profesyonel bir kadro olu\u015fturduk\u2026 Ayr\u0131ca gen\u00e7 yeteneklere de yer vermeye ba\u015flad\u0131k\u2026 T\u00fcm hepimiz mutlu insan felsefesi d\u00e2hilinde insanlar\u0131n ihtiya\u00e7lar\u0131n\u0131 her zaman \u00f6n planda tutarak yerel ve ulusal bazl\u0131 projeler haz\u0131rl\u0131yoruz\u2026 Engelli dostlar\u0131m\u0131z ve toplumun i\u00e7 g\u00f6r\u00fcleri neticesinde hayal etti\u011fi bizlere sundu\u011fu hayatlar\u0131m\u0131z\u0131 kolayla\u015ft\u0131r\u0131c\u0131 ve tasarruf ettirici \u00f6zellikleriyle temeli sayg\u0131 olan bir proje, hayata ge\u00e7iriyoruz\u2026 Ara\u00e7larda oto kap\u0131lar\u0131n\u0131n a\u00e7ma, kapama uzaktan kumandalar\u0131 b\u00fcy\u00fck kolayl\u0131k\u2026 Ancak istenmeden ba\u015fkalar\u0131n\u0131n eline ge\u00e7mesi halinde ara\u00e7lar ve i\u00e7indeki de\u011ferli cihazlar kolayl\u0131kla \u00e7al\u0131nabilmektedir\u2026&nbsp;Bunu \u00f6nleyebilmek i\u00e7in uzaktan kumanda cihazlar\u0131 ki\u015fiye \u00f6zel olacak \u015fekilde yap\u0131lmal\u0131\u2026 Ki\u015fi istemedi\u011fi s\u00fcrece uzaktan kumanda \u00e7al\u0131\u015fmamal\u0131\u2026 \u0130\u015fte tam da burada kumanda cihaz\u0131na parmak izi, retina tarama ve manuel tu\u015f kilidi sistemleri tak\u0131larak cihazlar ki\u015fiye \u00f6zel hale getirilmeli dedik Ve Patentli\u00a0\u201cControl-On-Off\u201d\u00a0parmak izli uzaktan kumanda ile size \u00f6zel uzaktan kumanda haz\u0131rlad\u0131k\u2026 \u0130sterseniz retina taramal\u0131, isterseniz manuel tu\u015f kilitli\u2026 \u0130stedi\u011finiz an, k\u0131sa s\u00fcrede uzaktan kumandan\u0131z haz\u0131r hale getiriyoruz\u2026 Art\u0131k arac\u0131n\u0131z uzaktan kumanda \u00e7al\u0131narak h\u0131rs\u0131zl\u0131klara kar\u015f\u0131 g\u00fcvenli hale geliyor\u2026 \u0130nsana sayg\u0131 misyonu ile yola \u00e7\u0131kan bizler, t\u00fcm faaliyetlerimizi bu \u00e7er\u00e7evede ger\u00e7ekle\u015ftiriyoruz\u2026 Projelendirdi\u011fimiz&nbsp;&nbsp;c-on-off.com &nbsp; hizmetlerimizin hi\u00e7 bir a\u015famas\u0131nda \u00f6d\u00fcn vermiyoruz\u2026 \u0130yi planlama, m\u00fckemmel uygulama ve sonu\u00e7 a\u015famalar\u0131yla her zaman ya\u015fam\u0131n i\u00e7inde ki t\u00fcm kay\u0131plar\u0131m\u0131z\u0131 kendimize k\u0131lavuz olarak belirledik\u2026 \u00c7ok \u00f6zel s\u00fcrprizler ile haz\u0131rl\u0131klar\u0131m\u0131z\u0131 tamaml\u0131yoruz\u2026 Bir \u00e7o\u011funu tamamlad\u0131k\u2026 Her projemizle sizleri \u015fa\u015f\u0131rtaca\u011f\u0131z\u2026 \u0130n\u015fallah \u00e7ok \u00e7e\u015fitli konularla birlikte olaca\u011f\u0131z\u2026 Yola \u00e7\u0131karken g\u00fcvenlik sekt\u00f6r\u00fcnde \u00e7e\u015fitli alanlarda verilen hizmetler ile bir\u00e7ok de\u011fere katk\u0131da bulunmaya \u00e7al\u0131\u015fan bizler, bu g\u00f6revin \u00e7ok daha b\u00fcy\u00fck sorumluluklar getirdi\u011finin bilincindeyiz. Bizim \u00f6nceli\u011fimiz, bizi takip edenlerin mutlulu\u011fu ve hayallerinin ger\u00e7ek olmas\u0131n\u0131 sa\u011flamakt\u0131r. Dertlerin, sorunlar\u0131n, problemlerin \u00e7\u00f6z\u00fcm orta\u011f\u0131 olmakla birlikte bir \u00e7ok konularda engelsiz bir ya\u015fam i\u00e7in, bireysel hak ve \u00f6zg\u00fcrl\u00fcklere sayg\u0131l\u0131, toplumsal geli\u015fimi destekleyen, g\u00fcvenilir, yenilik\u00e7i, tarafs\u0131z, dinamik bir anlay\u0131\u015fla bizimle birlikte olanlara sorumluluk g\u00fcvencesiyle, hizmet vermek istiyoruz\u2026 Hizmet veriyoruz\u2026 G\u00fcvenli, mutlu ve keyifli bir ya\u015fam ya\u015famalar\u0131 i\u00e7in var g\u00fcc\u00fcm\u00fczle \u00e7al\u0131\u015f\u0131yoruz\u2026 Bunun yan\u0131 s\u0131ra, farkl\u0131 sosyal sorumluluk projeleri ile toplumsal duyarl\u0131l\u0131k yaratmak i\u00e7in, \u201cSosyal Sorumluluk Projesi\u201d olarak d\u00fc\u015f\u00fcnd\u00fc\u011f\u00fcm\u00fcz bir \u00e7ok projeyi de hayata ge\u00e7iriyoruz\u2026 Sevgi dolu, Mutlu, Huzurlu, Sa\u011fl\u0131kl\u0131, Ba\u015far\u0131l\u0131 ve G\u00fcvenli bir ya\u015fam diliyoruz\u2026<\/p>\n","protected":false},"author":1,"featured_media":0,"parent":0,"menu_order":0,"comment_status":"closed","ping_status":"closed","template":"","meta":{"footnotes":""},"class_list":["post-27","page","type-page","status-publish","hentry"],"_links":{"self":[{"href":"https:\/\/www.c-on-off.com\/index.php?rest_route=\/wp\/v2\/pages\/27","targetHints":{"allow":["GET"]}}],"collection":[{"href":"https:\/\/www.c-on-off.com\/index.php?rest_route=\/wp\/v2\/pages"}],"about":[{"href":"https:\/\/www.c-on-off.com\/index.php?rest_route=\/wp\/v2\/types\/page"}],"author":[{"embeddable":true,"href":"https:\/\/www.c-on-off.com\/index.php?rest_route=\/wp\/v2\/users\/1"}],"replies":[{"embeddable":true,"href":"https:\/\/www.c-on-off.com\/index.php?rest_route=%2Fwp%2Fv2%2Fcomments&post=27"}],"version-history":[{"count":25,"href":"https:\/\/www.c-on-off.com\/index.php?rest_route=\/wp\/v2\/pages\/27\/revisions"}],"predecessor-version":[{"id":618,"href":"https:\/\/www.c-on-off.com\/index.php?rest_route=\/wp\/v2\/pages\/27\/revisions\/618"}],"wp:attachment":[{"href":"https:\/\/www.c-on-off.com\/index.php?rest_route=%2Fwp%2Fv2%2Fmedia&parent=27"}],"curies":[{"name":"wp","href":"https:\/\/api.w.org\/{rel}","templated":true}]}}