{"id":682,"date":"2025-08-18T11:59:55","date_gmt":"2025-08-18T11:59:55","guid":{"rendered":"https:\/\/www.c-on-off.com\/?page_id=682"},"modified":"2025-08-18T14:29:16","modified_gmt":"2025-08-18T14:29:16","slug":"teknik-destek-hizmet-grup-yoneticileri","status":"publish","type":"page","link":"https:\/\/www.c-on-off.com\/?page_id=682","title":{"rendered":"Teknik Destek Hizmet Grup Y\u00f6neticileri"},"content":{"rendered":"\n<div class=\"wp-block-columns is-layout-flex wp-container-core-columns-is-layout-9d6595d7 wp-block-columns-is-layout-flex\">\n<div class=\"wp-block-column is-layout-flow wp-block-column-is-layout-flow\">\n<p>TEKN\u0130K DESTEK H\u0130ZMET GRUP Y\u00d6NET\u0130C\u0130S\u0130<\/p>\n\n\n\n<p>Kimden: \u00d6ZCAN UZUN <a href=\"mailto:o.uzun@kanal6tv.com\">o.uzun@kanal6tv.com<\/a><\/p>\n\n\n\n<p>Ad\u0131n\u0131z Soyad\u0131n\u0131z: \u00d6ZCAN UZUN<br>Gsm Telefon Numaran\u0131z: 05425414208<br>E-posta adresiniz: o.uzun@kanal6tv.com<br>Adres Bilgileriniz: \u0130STANBUL \u015e\u0130\u015eL\u0130 N\u0130\u015eANTA\u015eI<\/p>\n<\/div>\n\n\n\n<div class=\"wp-block-column is-layout-flow wp-block-column-is-layout-flow\">\n<p>TEKN\u0130K DESTEK H\u0130ZMET GRUP Y\u00d6NET\u0130C\u0130S\u0130<\/p>\n\n\n\n<p>Kimden: \u00d6ZCAN UZUN <a href=\"mailto:o.uzun@kanal6tv.com\">o.uzun@kanal6tv.com<\/a><\/p>\n\n\n\n<p>Ad\u0131n\u0131z Soyad\u0131n\u0131z: \u00d6ZCAN UZUN<br>Gsm Telefon Numaran\u0131z: 05425414208<br>E-posta adresiniz: o.uzun@kanal6tv.com<br>Adres Bilgileriniz: \u0130STANBUL \u015e\u0130\u015eL\u0130 N\u0130\u015eANTA\u015eI<\/p>\n<\/div>\n<\/div>\n\n\n\n<div class=\"wp-block-columns is-layout-flex wp-container-core-columns-is-layout-9d6595d7 wp-block-columns-is-layout-flex\">\n<div class=\"wp-block-column is-layout-flow wp-block-column-is-layout-flow\">\n<p>TEKN\u0130K DESTEK H\u0130ZMET GRUP Y\u00d6NET\u0130C\u0130S\u0130<\/p>\n\n\n\n<p>Kimden: \u00d6ZCAN UZUN <a href=\"mailto:o.uzun@kanal6tv.com\">o.uzun@kanal6tv.com<\/a><\/p>\n\n\n\n<p>Ad\u0131n\u0131z Soyad\u0131n\u0131z: \u00d6ZCAN UZUN<br>Gsm Telefon Numaran\u0131z: 05425414208<br>E-posta adresiniz: o.uzun@kanal6tv.com<br>Adres Bilgileriniz: \u0130STANBUL \u015e\u0130\u015eL\u0130 N\u0130\u015eANTA\u015eI<\/p>\n<\/div>\n\n\n\n<div class=\"wp-block-column is-layout-flow wp-block-column-is-layout-flow\">\n<p>TEKN\u0130K DESTEK H\u0130ZMET GRUP Y\u00d6NET\u0130C\u0130S\u0130<\/p>\n\n\n\n<p>Kimden: \u00d6ZCAN UZUN <a href=\"mailto:o.uzun@kanal6tv.com\">o.uzun@kanal6tv.com<\/a><\/p>\n\n\n\n<p>Ad\u0131n\u0131z Soyad\u0131n\u0131z: \u00d6ZCAN UZUN<br>Gsm Telefon Numaran\u0131z: 05425414208<br>E-posta adresiniz: o.uzun@kanal6tv.com<br>Adres Bilgileriniz: \u0130STANBUL \u015e\u0130\u015eL\u0130 N\u0130\u015eANTA\u015eI<\/p>\n<\/div>\n<\/div>\n","protected":false},"excerpt":{"rendered":"<p>TEKN\u0130K DESTEK H\u0130ZMET GRUP Y\u00d6NET\u0130C\u0130S\u0130 Kimden: \u00d6ZCAN UZUN o.uzun@kanal6tv.com Ad\u0131n\u0131z Soyad\u0131n\u0131z: \u00d6ZCAN UZUNGsm Telefon Numaran\u0131z: 05425414208E-posta adresiniz: o.uzun@kanal6tv.comAdres Bilgileriniz: \u0130STANBUL \u015e\u0130\u015eL\u0130 N\u0130\u015eANTA\u015eI TEKN\u0130K DESTEK H\u0130ZMET GRUP Y\u00d6NET\u0130C\u0130S\u0130 Kimden: \u00d6ZCAN UZUN o.uzun@kanal6tv.com Ad\u0131n\u0131z Soyad\u0131n\u0131z: \u00d6ZCAN UZUNGsm Telefon Numaran\u0131z: 05425414208E-posta adresiniz: o.uzun@kanal6tv.comAdres Bilgileriniz: \u0130STANBUL \u015e\u0130\u015eL\u0130 N\u0130\u015eANTA\u015eI TEKN\u0130K DESTEK H\u0130ZMET GRUP Y\u00d6NET\u0130C\u0130S\u0130 Kimden: \u00d6ZCAN UZUN o.uzun@kanal6tv.com Ad\u0131n\u0131z Soyad\u0131n\u0131z: \u00d6ZCAN UZUNGsm Telefon Numaran\u0131z: 05425414208E-posta adresiniz: o.uzun@kanal6tv.comAdres Bilgileriniz: \u0130STANBUL \u015e\u0130\u015eL\u0130 N\u0130\u015eANTA\u015eI TEKN\u0130K DESTEK H\u0130ZMET GRUP Y\u00d6NET\u0130C\u0130S\u0130 Kimden: \u00d6ZCAN UZUN o.uzun@kanal6tv.com Ad\u0131n\u0131z Soyad\u0131n\u0131z: \u00d6ZCAN UZUNGsm Telefon Numaran\u0131z: 05425414208E-posta adresiniz: o.uzun@kanal6tv.comAdres Bilgileriniz: \u0130STANBUL \u015e\u0130\u015eL\u0130 N\u0130\u015eANTA\u015eI<\/p>\n","protected":false},"author":1,"featured_media":0,"parent":0,"menu_order":0,"comment_status":"open","ping_status":"closed","template":"","meta":{"footnotes":""},"class_list":["post-682","page","type-page","status-publish","hentry"],"_links":{"self":[{"href":"https:\/\/www.c-on-off.com\/index.php?rest_route=\/wp\/v2\/pages\/682","targetHints":{"allow":["GET"]}}],"collection":[{"href":"https:\/\/www.c-on-off.com\/index.php?rest_route=\/wp\/v2\/pages"}],"about":[{"href":"https:\/\/www.c-on-off.com\/index.php?rest_route=\/wp\/v2\/types\/page"}],"author":[{"embeddable":true,"href":"https:\/\/www.c-on-off.com\/index.php?rest_route=\/wp\/v2\/users\/1"}],"replies":[{"embeddable":true,"href":"https:\/\/www.c-on-off.com\/index.php?rest_route=%2Fwp%2Fv2%2Fcomments&post=682"}],"version-history":[{"count":5,"href":"https:\/\/www.c-on-off.com\/index.php?rest_route=\/wp\/v2\/pages\/682\/revisions"}],"predecessor-version":[{"id":712,"href":"https:\/\/www.c-on-off.com\/index.php?rest_route=\/wp\/v2\/pages\/682\/revisions\/712"}],"wp:attachment":[{"href":"https:\/\/www.c-on-off.com\/index.php?rest_route=%2Fwp%2Fv2%2Fmedia&parent=682"}],"curies":[{"name":"wp","href":"https:\/\/api.w.org\/{rel}","templated":true}]}}