{"id":727,"date":"2025-08-30T11:46:41","date_gmt":"2025-08-30T11:46:41","guid":{"rendered":"https:\/\/www.c-on-off.com\/?page_id=727"},"modified":"2025-08-30T11:52:06","modified_gmt":"2025-08-30T11:52:06","slug":"kullanici-deneyimleri","status":"publish","type":"page","link":"https:\/\/www.c-on-off.com\/?page_id=727","title":{"rendered":"Kullan\u0131c\u0131 Deneyimleri"},"content":{"rendered":"\n<p><strong>Control- On- Off  \u00fcr\u00fcn\u00fcm\u00fcz, sistem veya hizmet ile etkile\u015fimde bulunan sizlerin  ya\u015fad\u0131\u011f\u0131 t\u00fcm alg\u0131, duygu ve tepkileri ifade edilmesini sa\u011flayan  bu sayfa da herkese yer var. <\/strong><\/p>\n\n\n\n<p><strong>Kullan\u0131c\u0131 deneyimleri  ba\u015fl\u0131\u011f\u0131 alt\u0131nda sizlerden gelen kullan\u0131labilirlik, eri\u015filebilirlik, etkile\u015fim, tasar\u0131m\u0131, g\u00f6rsel estetik ve duygusal tatmin gibi fakt\u00f6rleri kapsayacak ve yay\u0131nlayaca\u011f\u0131z&#8230;<\/strong><\/p>\n\n\n\n<figure class=\"wp-block-image size-large\"><img loading=\"lazy\" decoding=\"async\" width=\"1024\" height=\"338\" src=\"https:\/\/www.c-on-off.com\/wp-content\/uploads\/2025\/08\/6666666-1024x338.jpg\" alt=\"\" class=\"wp-image-731\" srcset=\"https:\/\/www.c-on-off.com\/wp-content\/uploads\/2025\/08\/6666666-1024x338.jpg 1024w, https:\/\/www.c-on-off.com\/wp-content\/uploads\/2025\/08\/6666666-300x99.jpg 300w, https:\/\/www.c-on-off.com\/wp-content\/uploads\/2025\/08\/6666666-768x253.jpg 768w, https:\/\/www.c-on-off.com\/wp-content\/uploads\/2025\/08\/6666666-1536x507.jpg 1536w, https:\/\/www.c-on-off.com\/wp-content\/uploads\/2025\/08\/6666666-2048x675.jpg 2048w, https:\/\/www.c-on-off.com\/wp-content\/uploads\/2025\/08\/6666666-1140x376.jpg 1140w\" sizes=\"auto, (max-width: 1024px) 100vw, 1024px\" \/><\/figure>\n","protected":false},"excerpt":{"rendered":"<p>Control- On- Off \u00fcr\u00fcn\u00fcm\u00fcz, sistem veya hizmet ile etkile\u015fimde bulunan sizlerin ya\u015fad\u0131\u011f\u0131 t\u00fcm alg\u0131, duygu ve tepkileri ifade edilmesini sa\u011flayan bu sayfa da herkese yer var. Kullan\u0131c\u0131 deneyimleri ba\u015fl\u0131\u011f\u0131 alt\u0131nda sizlerden gelen kullan\u0131labilirlik, eri\u015filebilirlik, etkile\u015fim, tasar\u0131m\u0131, g\u00f6rsel estetik ve duygusal tatmin gibi fakt\u00f6rleri kapsayacak ve yay\u0131nlayaca\u011f\u0131z&#8230;<\/p>\n","protected":false},"author":1,"featured_media":0,"parent":0,"menu_order":0,"comment_status":"closed","ping_status":"closed","template":"","meta":{"footnotes":""},"class_list":["post-727","page","type-page","status-publish","hentry"],"_links":{"self":[{"href":"https:\/\/www.c-on-off.com\/index.php?rest_route=\/wp\/v2\/pages\/727","targetHints":{"allow":["GET"]}}],"collection":[{"href":"https:\/\/www.c-on-off.com\/index.php?rest_route=\/wp\/v2\/pages"}],"about":[{"href":"https:\/\/www.c-on-off.com\/index.php?rest_route=\/wp\/v2\/types\/page"}],"author":[{"embeddable":true,"href":"https:\/\/www.c-on-off.com\/index.php?rest_route=\/wp\/v2\/users\/1"}],"replies":[{"embeddable":true,"href":"https:\/\/www.c-on-off.com\/index.php?rest_route=%2Fwp%2Fv2%2Fcomments&post=727"}],"version-history":[{"count":3,"href":"https:\/\/www.c-on-off.com\/index.php?rest_route=\/wp\/v2\/pages\/727\/revisions"}],"predecessor-version":[{"id":734,"href":"https:\/\/www.c-on-off.com\/index.php?rest_route=\/wp\/v2\/pages\/727\/revisions\/734"}],"wp:attachment":[{"href":"https:\/\/www.c-on-off.com\/index.php?rest_route=%2Fwp%2Fv2%2Fmedia&parent=727"}],"curies":[{"name":"wp","href":"https:\/\/api.w.org\/{rel}","templated":true}]}}